{"id":27,"date":"2010-03-20T05:53:30","date_gmt":"2010-03-20T02:53:30","guid":{"rendered":"http:\/\/www.iglesiahermandad.com\/wp\/?page_id=27"},"modified":"2021-05-30T22:24:40","modified_gmt":"2021-05-31T02:24:40","slug":"donde-y-cuando","status":"publish","type":"page","link":"https:\/\/www.iglesiahermandad.com\/index.php\/donde-y-cuando","title":{"rendered":"D\u00f3nde y Cu\u00e1ndo?"},"content":{"rendered":"<p>La Iglesia Hermandad de Oxford se reune semanalmente en:<\/p>\n<p>1551 Enon Rd.<br \/>\nOxford, NC 27565<\/p>\n<p><small><a style=\"color: #0000ff; text-align: left;\" href=\"http:\/\/maps.google.com\/maps?q=36.265807,+-78.720560&amp;num=1&amp;sll=36.25972,-78.736808&amp;sspn=0.006295,0.006295&amp;ie=UTF8&amp;ll=36.230981,-78.65799&amp;spn=0.332326,0.411987&amp;z=10&amp;source=embed\" target=\"_new\" rel=\"noopener\" data-wplink-edit=\"true\">View Larger Map<\/a><\/small><\/p>\n<p><strong>Domingos:<br \/>\n<\/strong>10 AM &#8211; Escuela Dominical<br \/>\n11 AM &#8211; Tiempo de Adoraci\u00f3n<\/p>\n<p>5 PM &#8211; Tiempo de Alabanzas (On hold due to covid-19)<\/p>\n<p><strong>Mi\u00e9rcoles:<br \/>\n<\/strong>7 PM &#8211; Tiempo de oraci\u00f3n<\/p>\n<p><strong>Viernes:&nbsp;<\/strong><br \/>\n7:30 PM &#8211; Convivo de diferecnte edades (On hold due to covid-19)<\/p>\n","protected":false},"excerpt":{"rendered":"<p>La Iglesia Hermandad de Oxford se reune semanalmente en: 1551 Enon Rd. Oxford, NC 27565 View Larger Map Domingos: 10 AM &#8211; Escuela Dominical 11 AM &#8211; Tiempo de Adoraci\u00f3n 5 PM &#8211; Tiempo de Alabanzas (On hold due to covid-19) Mi\u00e9rcoles: 7 PM &#8211; Tiempo de oraci\u00f3n Viernes:&nbsp; 7:30 PM &#8211; Convivo de diferecnte&hellip; <a class=\"more-link\" href=\"https:\/\/www.iglesiahermandad.com\/index.php\/donde-y-cuando\">Seguir leyendo <span class=\"screen-reader-text\">D\u00f3nde y Cu\u00e1ndo?<\/span><\/a><\/p>\n","protected":false},"author":54,"featured_media":957,"parent":0,"menu_order":2,"comment_status":"open","ping_status":"open","template":"","meta":{"footnotes":""},"class_list":["post-27","page","type-page","status-publish","has-post-thumbnail","hentry","entry"],"_links":{"self":[{"href":"https:\/\/www.iglesiahermandad.com\/index.php\/wp-json\/wp\/v2\/pages\/27","targetHints":{"allow":["GET"]}}],"collection":[{"href":"https:\/\/www.iglesiahermandad.com\/index.php\/wp-json\/wp\/v2\/pages"}],"about":[{"href":"https:\/\/www.iglesiahermandad.com\/index.php\/wp-json\/wp\/v2\/types\/page"}],"author":[{"embeddable":true,"href":"https:\/\/www.iglesiahermandad.com\/index.php\/wp-json\/wp\/v2\/users\/54"}],"replies":[{"embeddable":true,"href":"https:\/\/www.iglesiahermandad.com\/index.php\/wp-json\/wp\/v2\/comments?post=27"}],"version-history":[{"count":31,"href":"https:\/\/www.iglesiahermandad.com\/index.php\/wp-json\/wp\/v2\/pages\/27\/revisions"}],"predecessor-version":[{"id":1028,"href":"https:\/\/www.iglesiahermandad.com\/index.php\/wp-json\/wp\/v2\/pages\/27\/revisions\/1028"}],"wp:featuredmedia":[{"embeddable":true,"href":"https:\/\/www.iglesiahermandad.com\/index.php\/wp-json\/wp\/v2\/media\/957"}],"wp:attachment":[{"href":"https:\/\/www.iglesiahermandad.com\/index.php\/wp-json\/wp\/v2\/media?parent=27"}],"curies":[{"name":"wp","href":"https:\/\/api.w.org\/{rel}","templated":true}]}}