{"id":76,"date":"2010-03-21T04:30:25","date_gmt":"2010-03-21T01:30:25","guid":{"rendered":"http:\/\/www.iglesiahermandad.com\/wp\/?page_id=76"},"modified":"2011-01-24T18:59:27","modified_gmt":"2011-01-24T23:59:27","slug":"lecturas-biblicas","status":"publish","type":"page","link":"https:\/\/www.iglesiahermandad.com\/index.php\/que\/lecturas-biblicas","title":{"rendered":"Lecturas B\u00edblicas"},"content":{"rendered":"<style>\n.todayClass\n{\n   color:White;\n   background-color:Red;\n}\n.dayNumber\n{\n   display:inline;\n   padding:5px;\n   font-weight:bold;\n}\n.mes\n{\n   font-weight:bold;\n   cursor:pointer;\n}\n.lecturaDescription\n{\n   font-style: italic;\n   font-size: smaller;\n}\n<\/style>\n<div class=\"lecturaDescription\">\nPlan sencillo para leer toda la Biblia en un a\u00f1o, an\u00edmate, no toma m\u00e1s de 15 minutos diarios.\n<\/div>\n<div id=\"lecturas\"><\/div>\n<p><script src=\"http:\/\/www.iglesiahermandad.com\/wp\/wp-includes\/js\/jquery\/jquery.js\"><\/script><br \/>\n<script type=\"text\/javascript\">\n\/* <![CDATA[ *\/\njQuery(document).ready( function(){\nvar daysOfWeek = [ \"Domingo\", \"Lunes\", \"Martes\", \"Miercoles\", \"Jueves\", \"Viernes\", \"Sabado\" ];\nvar monthsOfTheYear = [\"\", \"Enero\", \"Febrero\", \"Marzo\", \"Abril\", \"Mayo\", \"Junio\", \"Julio\", \"Agosto\", \"Setiembre\", \"Octubre\", \"Noviembre\", \"Diciembre\" ];\nvar lecturas = new Array();\nlecturas[0] = null;\nlecturas[1] = new Array();\nlecturas[1][0] = null;\nlecturas[1][1] = \"G\u00e9nesis 1-3\"\nlecturas[1][2] = \"G\u00e9nesis 4-7\"\nlecturas[1][3] = \"G\u00e9nesis 8-11\"\nlecturas[1][4] = \"Job 1-5\"\nlecturas[1][5] = \"Job 6-9\"\nlecturas[1][6] = \"Job 10-13\"\nlecturas[1][7] = \"Job 14-16\"\nlecturas[1][8] = \"Job 17-20\"\nlecturas[1][9] = \"Job 21-23\"\nlecturas[1][10] = \"Job 24-28\"\nlecturas[1][11] = \"Job 29-31\"\nlecturas[1][12] = \"Job 32-34\"\nlecturas[1][13] = \"Job 35-37\"\nlecturas[1][14] = \"Job 38-39\"\nlecturas[1][15] = \"Job 40-42\"\nlecturas[1][16] = \"G\u00e9nesis 12-15\"\nlecturas[1][17] = \"G\u00e9nesis 16-18\"\nlecturas[1][18] = \"G\u00e9nesis 19-21\"\nlecturas[1][19] = \"G\u00e9nesis 22-24\"\nlecturas[1][20] = \"G\u00e9nesis 25-26\"\nlecturas[1][21] = \"G\u00e9nesis 27-29\"\nlecturas[1][22] = \"G\u00e9nesis 30-31\"\nlecturas[1][23] = \"G\u00e9nesis 32-34\"\nlecturas[1][24] = \"G\u00e9nesis 35-37\"\nlecturas[1][25] = \"G\u00e9nesis 38-40\"\nlecturas[1][26] = \"G\u00e9nesis 41-42\"\nlecturas[1][27] = \"G\u00e9nesis 43-45\"\nlecturas[1][28] = \"G\u00e9nesis 46-47\"\nlecturas[1][29] = \"G\u00e9nesis 48-50\"\nlecturas[1][30] = \"\u00c9xodo 1-3\"\nlecturas[1][31] = \"\u00c9xodo 4-6\"\nlecturas[2] = new Array();\nlecturas[2][0] = null;\nlecturas[2][1] = \"\u00c9xodo 7-9\"\nlecturas[2][2] = \"\u00c9xodo 10-12\"\nlecturas[2][3] = \"\u00c9xodo 13-15\"\nlecturas[2][4] = \"\u00c9xodo 16-18\"\nlecturas[2][5] = \"\u00c9xodo 19-21\"\nlecturas[2][6] = \"\u00c9xodo 22-24\"\nlecturas[2][7] = \"\u00c9xodo 25-27\"\nlecturas[2][8] = \"\u00c9xodo 28-29\"\nlecturas[2][9] = \"\u00c9xodo 30-32\"\nlecturas[2][10] = \"\u00c9xodo 33-35\"\nlecturas[2][11] = \"\u00c9xodo 36-38\"\nlecturas[2][12] = \"\u00c9xodo 39-40\"\nlecturas[2][13] = \"Lev\u00edtico 1-4\"\nlecturas[2][14] = \"Lev\u00edtico 5-7\"\nlecturas[2][15] = \"Lev\u00edtico 8-10\"\nlecturas[2][16] = \"Lev\u00edtico 11-13\"\nlecturas[2][17] = \"Lev\u00edtico 14-15\"\nlecturas[2][18] = \"Lev\u00edtico 16-18\"\nlecturas[2][19] = \"Lev\u00edtico 19-21\"\nlecturas[2][20] = \"Lev\u00edtico 22-23\"\nlecturas[2][21] = \"Lev\u00edtico 24-25\"\nlecturas[2][22] = \"Lev\u00edtico 26-27\"\nlecturas[2][23] = \"N\u00fameros 1-2\"\nlecturas[2][24] = \"N\u00fameros 3-4\"\nlecturas[2][25] = \"N\u00fameros 5-6\"\nlecturas[2][26] = \"N\u00fameros 7\"\nlecturas[2][27] = \"N\u00fameros 8-10\"\nlecturas[2][28] = \"N\u00fameros 11-13\"\nlecturas[3] = new Array();\nlecturas[3][0] = null;\nlecturas[3][1] = \"N\u00fameros 14-15, Salmos 90\";\nlecturas[3][2] = \"N\u00fameros 16-17\";\nlecturas[3][3] = \"N\u00fameros 18-20\";\nlecturas[3][4] = \"N\u00fameros 21-22\";\nlecturas[3][5] = \"N\u00fameros 23-25\";\nlecturas[3][6] = \"N\u00fameros 26-27\";\nlecturas[3][7] = \"N\u00fameros 28-30\";\nlecturas[3][8] = \"N\u00fameros 31-32\";\nlecturas[3][9] = \"N\u00fameros 33-34\";\nlecturas[3][10] = \"N\u00fameros 35-36\";\nlecturas[3][11] = \"Deuteronomio 1-2\";\nlecturas[3][12] = \"Deuteronomio 3-4\";\nlecturas[3][13] = \"Deuteronomio 5-7\";\nlecturas[3][14] = \"Deuteronomio 8-10\";\nlecturas[3][15] = \"Deuteronomio 11-13\";\nlecturas[3][16] = \"Deuteronomio 14-16\";\nlecturas[3][17] = \"Deuteronomio 17-20\";\nlecturas[3][18] = \"Deuteronomio 21-23\";\nlecturas[3][19] = \"Deuteronomio 24-27\";\nlecturas[3][20] = \"Deuteronomio 28-29\";\nlecturas[3][21] = \"Deuteronomio 30-31\";\nlecturas[3][22] = \"Deuteronomio 32-34, Salmos 91\";\nlecturas[3][23] = \"Josu\u00e9 1-4\";\nlecturas[3][24] = \"Josu\u00e9 5-8\";\nlecturas[3][25] = \"Josu\u00e9 9-11\";\nlecturas[3][26] = \"Josu\u00e9 12-15\";\nlecturas[3][27] = \"Josu\u00e9 16-18\";\nlecturas[3][28] = \"Josu\u00e9 19-21\";\nlecturas[3][29] = \"Josu\u00e9 22-24\";\nlecturas[3][30] = \"Jueces 1-2\";\nlecturas[3][31] = \"Jueces 3-5\";\nlecturas[4] = new Array();\nlecturas[4][0] = null;\nlecturas[4][1] = \"Jueces 6-7\";\nlecturas[4][2] = \"Jueces 8-9\";\nlecturas[4][3] = \"Jueces 10-12\";\nlecturas[4][4] = \"Jueces 13-15\";\nlecturas[4][5] = \"Jueces 16-18\";\nlecturas[4][6] = \"Jueces 19-21\";\nlecturas[4][7] = \"Rut\";\nlecturas[4][8] = \"1 Samuel 1-3\";\nlecturas[4][9] = \"1 Samuel 4-8\";\nlecturas[4][10] = \"1 Samuel 9-12\";\nlecturas[4][11] = \"1 Samuel 13-14\";\nlecturas[4][12] = \"1 Samuel 15-17\";\nlecturas[4][13] = \"1 Samuel 18-20; Salmos 11; Salmos 59\";\nlecturas[4][14] = \"1 Samuel 21-24\"\nlecturas[4][15] = \"Salmos 7, 27, 31, 34, 52\";\nlecturas[4][16] = \"Salmos 56, 120, 140-142\";\nlecturas[4][17]=\"1 Samuel 25-27\";\nlecturas[4][18] = \"Salmos 17, 35, 54, 63\";\nlecturas[4][19] = \"1 Samuel 28-31, Salmos 18\";\nlecturas[4][20] = \"Salmos 121, 123-125,128-130\";\nlecturas[4][21] = \"2 Samuel 1-4\";\nlecturas[4][22] = \"Salmos 6, 8-10,14, 16, 19, 21\";\nlecturas[4][23] = \"1 Cr\u00f3nicas 1-2\";\nlecturas[4][24] = \"Salmos 43-45, 49,84-85, 87\";\nlecturas[4][25] = \"1 Cr\u00f3nicas 3-5\";\nlecturas[4][26] = \"Salmos 73, 77, 78\";\nlecturas[4][27] = \"1 Cr\u00f3nicas 6\";\nlecturas[4][28] = \"Salmos 81, 88,92-93\";\nlecturas[4][29] = \"1 Cr\u00f3nicas 7-10\";\nlecturas[4][30] = \"Salmos 102-104\";\nlecturas[5] = new Array();\nlecturas[5][0] = null;\nlecturas[5][1] = \"2 Samuel 5:1-10, 1 Cr\u00f3nicas 11-12\";\nlecturas[5][2] = \"Salmos 133\";\nlecturas[5][3] = \"Salmos 106-107\";\nlecturas[5][4] = \"2 Samuel 5:11-6:23,1 Cr\u00f3nicas 13-16\";\nlecturas[5][5] = \"Salmos 1-2, 15, 22-24, 47, 68\";\nlecturas[5][6] = \"Salmos 89, 96, 100, 101, 105, 132\";\nlecturas[5][7] = \"2 Samuel 7, 1 Cr\u00f3nicas 17\";\nlecturas[5][8] = \"Salmos 25, 29, 33, 36, 39\";\nlecturas[5][9] = \"2 Samuel 8-9, 1 Cr\u00f3nicas 18\";\nlecturas[5][10] = \"Salmos 50, 53, 60, 75\";\nlecturas[5][11] = \"2 Samuel 10, 1 Cr\u00f3nicas 19, Salmos 20\";\nlecturas[5][12] = \"Salmos 65-67, 69-70\";\nlecturas[5][13] = \"2 Samuel 11-12,1 Cr\u00f3nicas 20\";\nlecturas[5][14] = \"Salmos 32, 51, 86, 122\";\nlecturas[5][15] = \"2 Samuel 13-15\";\nlecturas[5][16] = \"Salmos 3-4, 12-13, 28, 55\";\nlecturas[5][17] = \"2 Samuel 16-18\";\nlecturas[5][18] = \"Salmos 26, 40, 58, 61-62, 64\";\nlecturas[5][19] = \"2 Samuel 19-21\";\nlecturas[5][20] = \"Salmos 5, 38, 41-42\";\nlecturas[5][21] = \"2 Samuel 22-23, Salmos 57\";\nlecturas[5][22] = \"Salmos 95, 97-99\";\nlecturas[5][23] = \"2 Samuel 24, 1 Cr\u00f3nicas 21-22,Salmos 30\";\nlecturas[5][24] = \"Salmos 108-110\";\nlecturas[5][25] = \"1 Cr\u00f3nicas 23-25\";\nlecturas[5][26] = \"Salmos 131, 138-139, 143-145\";\nlecturas[5][27] = \"1 Cr\u00f3nicas 26-29, Salmos 127\";\nlecturas[5][28] = \"Salmos 111-118\";\nlecturas[5][29] = \"1 Reyes 1-2,Salmos 37, 71, 94\";\nlecturas[5][30] = \"Salmos 119:1-88\";\nlecturas[5][31] = \"1 Reyes 3-4,2 Cr\u00f3nicas 1,Salmos 72\";\nlecturas[6] = new Array();\nlecturas[6][0] = null;\nlecturas[6][1] = \"Salmos 119:89-176\";\nlecturas[6][2] = \"Cantares\";\nlecturas[6][3] = \"Proverbios 1-3\";\nlecturas[6][4] = \"Proverbios 4-6\";\nlecturas[6][5] = \"Proverbios 7-9\";\nlecturas[6][6] = \"Proverbios 10-12\";\nlecturas[6][7] = \"Proverbios 13-15\";\nlecturas[6][8] = \"Proverbios 16-18\";\nlecturas[6][9] = \"Proverbios 19-21\";\nlecturas[6][10] = \"Proverbios 22-24\";\nlecturas[6][11] = \"1 Reyes 5-6, 2 Cr\u00f3nicas 2-3\";\nlecturas[6][12] = \"1 Reyes 7, 2 Cr\u00f3nicas 4\";\nlecturas[6][13] = \"1 Reyes 8 , 2 Cr\u00f3nicas 5\";\nlecturas[6][14] = \"2 Cr\u00f3nicas 6-7 , Salmos 136\";\nlecturas[6][15] = \"Salmos 134 , Salmos 146-150\";\nlecturas[6][16] = \"1 Reyes 9 , 2 Cr\u00f3nicas 8\";\nlecturas[6][17] = \"Proverbios 25-26\";\nlecturas[6][18] = \"Proverbios 27-29\";\nlecturas[6][19] = \"Eclesiast\u00e9s 1-6\";\nlecturas[6][20] = \"Eclesiast\u00e9s 7-12\";\nlecturas[6][21] = \"1 Reyes 10-11 , 2 Cr\u00f3nicas 9\";\nlecturas[6][22] = \"Proverbios 30-31\";\nlecturas[6][23] = \"1 Reyes 12-14\";\nlecturas[6][24] = \"2 Cr\u00f3nicas 10-12\";\nlecturas[6][25] = \"1 Reyes 15:1-24 , 2 Cr\u00f3nicas 13-16\";\nlecturas[6][26] = \"1 Reyes 15:25-16:34 , 2 Cr\u00f3nicas 17\";\nlecturas[6][27] = \"1 Reyes 17-19\";\nlecturas[6][28] = \"1 Reyes 20-21\";\nlecturas[6][29] = \"1 Reyes 22 , 2 Cr\u00f3nicas 18\";\nlecturas[6][30] = \"2 Cr\u00f3nicas 19-23\";\nlecturas[7] = new Array();\nlecturas[7][0] = null;\nlecturas[7][1] = \"Abd\u00edas , Salmos 82-83\";\nlecturas[7][2] = \"2 Reyes 1-4\";\nlecturas[7][3] = \"2 Reyes 5-8\";\nlecturas[7][4] = \"2 Reyes 9-11\";\nlecturas[7][5] = \"2 Reyes 12-13 , 2 Cr\u00f3nicas 24\";\nlecturas[7][6] = \"2 Reyes 14 , 2 Cr\u00f3nicas 25\";\nlecturas[7][7] = \"Jon\u00e1s\";\nlecturas[7][8] = \"2 Reyes 15 , 2 Cr\u00f3nicas 26\";\nlecturas[7][9] = \"Isa\u00edas 1-4\";\nlecturas[7][10] = \"Isa\u00edas 5-8\";\nlecturas[7][11] = \"Am\u00f3s 1-5\";\nlecturas[7][12] = \"Am\u00f3s 6-9\";\nlecturas[7][13] = \"2 Cr\u00f3nicas 27 , Isa\u00edas 9-12\";\nlecturas[7][14] = \"Miqueas\";\nlecturas[7][15] = \"2 Cr\u00f3nicas 28 , 2 Reyes 16-17\";\nlecturas[7][16] = \"Isa\u00edas 13-17\";\nlecturas[7][17] = \"Isa\u00edas 18-22\";\nlecturas[7][18] = \"Isa\u00edas 23-27\";\nlecturas[7][19] = \"2 Reyes 18:1-8 , 2 Cr\u00f3nicas 29-31 , Salmos 48\";\nlecturas[7][20] = \"Oseas 1-7\";\nlecturas[7][21] = \"Oseas 8-14\";\nlecturas[7][22] = \"Isa\u00edas 28-30\";\nlecturas[7][23] = \"Isa\u00edas 31-34\";\nlecturas[7][24] = \"Isa\u00edas 35-36\";\nlecturas[7][25] = \"Isa\u00edas 37-39 , Salmos 76\";\nlecturas[7][26] = \"Isa\u00edas 40-43\";\nlecturas[7][27] = \"Isa\u00edas 44-48\";\nlecturas[7][28] = \"2 Reyes 18:9-19:37 , Salmos 46 , Salmos 80 , Salmos 135\";\nlecturas[7][29] = \"Isa\u00edas 49-53\";\nlecturas[7][30] = \"Isa\u00edas 54-58\";\nlecturas[7][31] = \"Isa\u00edas 59-63\";\nlecturas[8] = new Array();\nlecturas[8][0] = null;\nlecturas[8][1] = \"Isa\u00edas 64-66\";\nlecturas[8][2] = \"2 Reyes 20-21\";\nlecturas[8][3] = \"2 Cr\u00f3nicas 32-33\";\nlecturas[8][4] = \"Nahum\";\nlecturas[8][5] = \"2 Reyes 22-23 , 2 Cr\u00f3nicas 34-35\";\nlecturas[8][6] = \"Sofon\u00edas\";\nlecturas[8][7] = \"Jerem\u00edas 1-3\";\nlecturas[8][8] = \"Jerem\u00edas 4-6\";\nlecturas[8][9] = \"Jerem\u00edas 7-9\";\nlecturas[8][10] = \"Jerem\u00edas 10-13\";\nlecturas[8][11] = \"Jerem\u00edas 14-17\";\nlecturas[8][12] = \"Jerem\u00edas 18-22\";\nlecturas[8][13] = \"Jerem\u00edas 23-25\";\nlecturas[8][14] = \"Jerem\u00edas 26-29\";\nlecturas[8][15] = \"Jerem\u00edas 30-31\";\nlecturas[8][16] = \"Jerem\u00edas 32-34\";\nlecturas[8][17] = \"Jerem\u00edas 35-37\";\nlecturas[8][18] = \"Jerem\u00edas 38-40 , Salmos 74 , Salmos 79\";\nlecturas[8][19] = \"2 Reyes 24-25 , 2 Cr\u00f3nicas 36\";\nlecturas[8][20] = \"Habacuc\";\nlecturas[8][21] = \"Jerem\u00edas 41-45\";\nlecturas[8][22] = \"Jerem\u00edas 46-48\";\nlecturas[8][23] = \"Jerem\u00edas 49-50\";\nlecturas[8][24] = \"Jerem\u00edas 51-52\";\nlecturas[8][25] = \"Lamentaciones 1:1-3:36\";\nlecturas[8][26] = \"Lamentaciones 3:37-5:22\";\nlecturas[8][27] = \"Ezequiel 1-4\";\nlecturas[8][28] = \"Ezequiel 5-8\";\nlecturas[8][29] = \"Ezequiel 9-12\";\nlecturas[8][30] = \"Ezequiel 13-15\";\nlecturas[8][31] = \"Ezequiel 16-17\";\nlecturas[9] = new Array();\nlecturas[9][0] = null;\nlecturas[9][1] = \"Ezequiel 18-19\";\nlecturas[9][2] = \"Ezequiel 20-21\";\nlecturas[9][3] = \"Ezequiel 22-23\";\nlecturas[9][4] = \"Ezequiel 24-27\";\nlecturas[9][5] = \"Ezequiel 28-31\";\nlecturas[9][6] = \"Ezequiel 32-34\";\nlecturas[9][7] = \"Ezequiel 35-37\";\nlecturas[9][8] = \"Ezequiel 38-39\";\nlecturas[9][9] = \"Ezequiel 40-41\";\nlecturas[9][10] = \"Ezequiel 42-43\";\nlecturas[9][11] = \"Ezequiel 44-45\";\nlecturas[9][12] = \"Ezequiel 46-48\";\nlecturas[9][13] = \"Joel\";\nlecturas[9][14] = \"Daniel 1-3\";\nlecturas[9][15] = \"Daniel 4-6\";\nlecturas[9][16] = \"Daniel 7-9\";\nlecturas[9][17] = \"Daniel 10-12\";\nlecturas[9][18] = \"Esdras 1-3\";\nlecturas[9][19] = \"Esdras 4-6 , Salmos 137\";\nlecturas[9][20] = \"Hageo\";\nlecturas[9][21] = \"Zacar\u00edas 1-7\";\nlecturas[9][22] = \"Zacar\u00edas 8-14\";\nlecturas[9][23] = \"Ester 1-5\";\nlecturas[9][24] = \"Ester 6-10\";\nlecturas[9][25] = \"Esdras 7-10\";\nlecturas[9][26] = \"Nehem\u00edas 1-5\";\nlecturas[9][27] = \"Nehem\u00edas 6-7\";\nlecturas[9][28] = \"Nehem\u00edas 8-10\";\nlecturas[9][29] = \"Nehem\u00edas 11-13 , Salmos 126\";\nlecturas[9][30] = \"Malaqu\u00edas\";\nlecturas[10] = new Array();\nlecturas[10][0] = null;\nlecturas[10][1] = \"Lucas 1 , Juan 1:1-14\";\nlecturas[10][2] = \"Mateo 1 , Lucas 2:1-38\";\nlecturas[10][3] = \"Mateo 2 , Lucas 2:39-52\";\nlecturas[10][4] = \"Mateo 3 , Marcos 1 , Lucas 3\";\nlecturas[10][5] = \"Mateo 4 , Lucas 4-5 , Juan 1:15-51\";\nlecturas[10][6] = \"Juan 2-4\";\nlecturas[10][7] = \"Marcos 2\";\nlecturas[10][8] = \"Juan 5\";\nlecturas[10][9] = \"Mateo 12:1-21 , Marcos 3 , Lucas 6\";\nlecturas[10][10] = \"Mateo 5-7\";\nlecturas[10][11] = \"Mateo 8:1-13 , Lucas 7\";\nlecturas[10][12] = \"Mateo 11\";\nlecturas[10][13] = \"Mateo 12:22-50 , Lucas 11\";\nlecturas[10][14] = \"Mateo 13 , Lucas 8\";\nlecturas[10][15] = \"Mateo 8:14-34 , Marcos 4-5\";\nlecturas[10][16] = \"Mateo 9-10\";\nlecturas[10][17] = \"Mateo 14 , Marcos 6 , Lucas 9:1-17\";\nlecturas[10][18] = \"Juan 6\";\nlecturas[10][19] = \"Mateo 15 , Marcos 7\";\nlecturas[10][20] = \"Mateo 16 , Marcos 8 , Lucas 9:18-27\";\nlecturas[10][21] = \"Mateo 17 , Marcos 9 , Lucas 9:28-62\";\nlecturas[10][22] = \"Mateo 18\";\nlecturas[10][23] = \"Juan 7-8\";\nlecturas[10][24] = \"Juan 9:1-10:21\";\nlecturas[10][25] = \"Lucas 10-11 , Juan 10:22-42\";\nlecturas[10][26] = \"Lucas 12-13\";\nlecturas[10][27] = \"Lucas 14-15\";\nlecturas[10][28] = \"Lucas 16-17:10\";\nlecturas[10][29] = \"Juan 11\";\nlecturas[10][30] = \"Lucas 17:11-18:14\";\nlecturas[10][31] = \"Mateo 19 , Marcos 10\";\nlecturas[11] = new Array();\nlecturas[11][0] = null;\nlecturas[11][1] = \"Mateo 20-21\";\nlecturas[11][2] = \"Lucas 18:15-19:48\";\nlecturas[11][3] = \"Marcos 11 , Juan 12\";\nlecturas[11][4] = \"Mateo 22 , Marcos 12\";\nlecturas[11][5] = \"Mateo 23 , Lucas 20-21\";\nlecturas[11][6] = \"Marcos 13\";\nlecturas[11][7] = \"Mateo 24\";\nlecturas[11][8] = \"Mateo 25\";\nlecturas[11][9] = \"Mateo 26 , Marcos 14\";\nlecturas[11][10] = \"Lucas 22 , Juan 13\";\nlecturas[11][11] = \"Juan 14-17\";\nlecturas[11][12] = \"Mateo 27 , Marcos 15\";\nlecturas[11][13] = \"Lucas 23 , Juan 18-19\";\nlecturas[11][14] = \"Mateo 28 , Marcos 16\";\nlecturas[11][15] = \"Lucas 24 , Juan 20-21\";\nlecturas[11][16] = \"Hechos 1-3\";\nlecturas[11][17] = \"Hechos 4-6\";\nlecturas[11][18] = \"Hechos 7-8\";\nlecturas[11][19] = \"Hechos 9-10\";\nlecturas[11][20] = \"Hechos 11-12\";\nlecturas[11][21] = \"Hechos 13-14\";\nlecturas[11][22] = \"Santiago\";\nlecturas[11][23] = \"Hechos 15-16\";\nlecturas[11][24] = \"G\u00e1latas 1-3\";\nlecturas[11][25] = \"G\u00e1latas 4-6\";\nlecturas[11][26] = \"Hechos 17-18:18\";\nlecturas[11][27] = \"1 Tesalonicenses , 2 Tesalonicenses\";\nlecturas[11][28] = \"Hechos 18:19-19:41\";\nlecturas[11][29] = \"1 Corintios 1-4\";\nlecturas[11][30] = \"1 Corintios 5-8\";\nlecturas[12] = new Array();\nlecturas[12][0] = null;\nlecturas[12][1] = \"1 Corintios 9-11\";\nlecturas[12][2] = \"1 Corintios 12-14\";\nlecturas[12][3] = \"1 Corintios 15-16\";\nlecturas[12][4] = \"2 Corintios 1-4\";\nlecturas[12][5] = \"2 Corintios 5-9\";\nlecturas[12][6] = \"2 Corintios 10-13\";\nlecturas[12][7] = \"Hechos 20:1-3 , Romanos 1-3\";\nlecturas[12][8] = \"Romanos 4-7\";\nlecturas[12][9] = \"Romanos 8-10\";\nlecturas[12][10] = \"Romanos 11-13\";\nlecturas[12][11] = \"Romanos 14-16\";\nlecturas[12][12] = \"Hechos 20:4-23:35\";\nlecturas[12][13] = \"Hechos 24-26\";\nlecturas[12][14] = \"Hechos 27-28\";\nlecturas[12][15] = \"Colosenses , Filem\u00f3n\";\nlecturas[12][16] = \"Efesios\";\nlecturas[12][17] = \"Filipenses\";\nlecturas[12][18] = \"1 Timoteo\";\nlecturas[12][19] = \"Tito\";\nlecturas[12][20] = \"1 Pedro\";\nlecturas[12][21] = \"Hebreos 1-6\";\nlecturas[12][22] = \"Hebreos 7-10\";\nlecturas[12][23] = \"Hebreos 11-13\";\nlecturas[12][24] = \"2 Timoteo\";\nlecturas[12][25] = \"2 Pedro , Judas\";\nlecturas[12][26] = \"1 Juan\";\nlecturas[12][27] = \"2 Juan , 3 Juan\";\nlecturas[12][28] = \"Apocal\u00edpsis 1-5\";\nlecturas[12][29] = \"Apocal\u00edpsis 6-11\";\nlecturas[12][30] = \"Apocal\u00edpsis 12-18\";\nlecturas[12][31] = \"Apocal\u00edpsis 19-22\";\nfor( var ii = 0; ii < lecturas.length; ii++ )\n{\n   if( lecturas[ii] != null )\n   {\n      jQuery(\"#lecturas\").append( \"<\" + \"div id='mes_\" + ii + \"' class='mes'>\" + monthsOfTheYear[ ii ] + \"<\" + \"\/div>\" );\n      jQuery(\"#lecturas\").append( \"<\" + \"div id='mes_\" + ii + \"dias' class='dias'><\" + \"\/div>\" );\n      for( var jj = 0; jj < lecturas[ii].length; jj++ )\n      {\n         if( lecturas[ii][jj] != null ){\n            jQuery(\"#mes_\" + ii + \"dias\").append(\"<\" + \"div class='dia' id='\" + ii + \"_\" + jj + \"' >\" + lecturas[ii][jj] + \"<\" + \"\/div>\" );\n         }\n      }\n   }\n}\njQuery(\".dias\").hide();\nvar today = new Date();\nvar todayMonth = today.getMonth() + 1;\nvar todayNumber = today.getDate();\nvar todayDiv = document.getElementById(todayMonth + \"_\" +todayNumber);\n\/\/var todayReading = jQuery(\"#\" + todayDiv).html();\n\/\/jQuery.ajax({\n\/\/   url: 'http:\/\/api.preachingcentral.com\/bible.php?passage=Jn3:16&version=rv1909',\n\/\/   success: function (xml){\n\/\/      jQuery('#passage').html( jQuery(xml).find('text').text() );\n\/\/   }\n\/\/});\nvar diasID = \"#mes_\" + todayMonth + \"dias\";\njQuery(\".dia\").each(function(){\nvar monthDay = this.id.split(\"_\");\nvar theDay = monthDay[1];\njQuery(this).prepend(\"<\" + \"div class='dayNumber'>\" + theDay + \"<\" + \"\/div>\");\n});\njQuery(diasID).fadeIn('1000');\njQuery(todayDiv).addClass('todayClass');\njQuery(todayDiv).prepend( \"<\" + \"div class='dayNumber'>\" + daysOfWeek[ today.getDay() ] + \"<\" + \"\/div>\");\njQuery(\".mes\").click(function(){\nvar diasID = \"#\" + this.id + \"dias\";\njQuery(diasID).toggle('1000',null);\n});\n});\n\/* ]]> *\/\n<\/script><br \/>\n<!--iframe id=\"passage\" src=\"http:\/\/api.preachingcentral.com\/bible.php?passage=Judges10-12&version=rv1909\"><\/iframe--><\/p>\n","protected":false},"excerpt":{"rendered":"<p>Plan sencillo para leer toda la Biblia en un a\u00f1o, an\u00edmate, no toma m\u00e1s de 15 minutos diarios.<\/p>\n","protected":false},"author":1,"featured_media":0,"parent":74,"menu_order":0,"comment_status":"open","ping_status":"open","template":"","meta":{"footnotes":""},"class_list":["post-76","page","type-page","status-publish","hentry","entry"],"_links":{"self":[{"href":"https:\/\/www.iglesiahermandad.com\/index.php\/wp-json\/wp\/v2\/pages\/76","targetHints":{"allow":["GET"]}}],"collection":[{"href":"https:\/\/www.iglesiahermandad.com\/index.php\/wp-json\/wp\/v2\/pages"}],"about":[{"href":"https:\/\/www.iglesiahermandad.com\/index.php\/wp-json\/wp\/v2\/types\/page"}],"author":[{"embeddable":true,"href":"https:\/\/www.iglesiahermandad.com\/index.php\/wp-json\/wp\/v2\/users\/1"}],"replies":[{"embeddable":true,"href":"https:\/\/www.iglesiahermandad.com\/index.php\/wp-json\/wp\/v2\/comments?post=76"}],"version-history":[{"count":163,"href":"https:\/\/www.iglesiahermandad.com\/index.php\/wp-json\/wp\/v2\/pages\/76\/revisions"}],"predecessor-version":[{"id":461,"href":"https:\/\/www.iglesiahermandad.com\/index.php\/wp-json\/wp\/v2\/pages\/76\/revisions\/461"}],"up":[{"embeddable":true,"href":"https:\/\/www.iglesiahermandad.com\/index.php\/wp-json\/wp\/v2\/pages\/74"}],"wp:attachment":[{"href":"https:\/\/www.iglesiahermandad.com\/index.php\/wp-json\/wp\/v2\/media?parent=76"}],"curies":[{"name":"wp","href":"https:\/\/api.w.org\/{rel}","templated":true}]}}