{"id":854,"date":"2013-05-03T17:33:15","date_gmt":"2013-05-03T21:33:15","guid":{"rendered":"http:\/\/www.iglesiahermandad.com\/wp\/?page_id=854"},"modified":"2021-05-20T23:23:55","modified_gmt":"2021-05-21T03:23:55","slug":"calendario","status":"publish","type":"page","link":"https:\/\/www.iglesiahermandad.com\/index.php\/calendario","title":{"rendered":"Quienes Somos?"},"content":{"rendered":"\n<p class=\"has-black-color has-text-color\" style=\"font-size:27px\"><strong>La Historia de la Iglesia <\/strong><\/p>\n\n\n\n<figure class=\"wp-block-image size-large\"><img loading=\"lazy\" decoding=\"async\" width=\"714\" height=\"1024\" src=\"https:\/\/www.iglesiahermandad.com\/wp-content\/uploads\/foto-de-iglesia-3.jpg\" alt=\"\" class=\"wp-image-979\" srcset=\"https:\/\/www.iglesiahermandad.com\/wp-content\/uploads\/foto-de-iglesia-3.jpg 714w, https:\/\/www.iglesiahermandad.com\/wp-content\/uploads\/foto-de-iglesia-3-209x300.jpg 209w, https:\/\/www.iglesiahermandad.com\/wp-content\/uploads\/foto-de-iglesia-3-105x150.jpg 105w\" sizes=\"auto, (max-width: 714px) 100vw, 714px\" \/><\/figure>\n\n\n\n<div class=\"wp-block-image\"><figure class=\"alignleft\"><a href=\"http:\/\/www.iglesiahermandad.com\/wp-content\/uploads\/2010\/03\/15340_205399048981_565643981_3958100_449337_n1.jpg\"><img decoding=\"async\" src=\"http:\/\/www.iglesiahermandad.com\/wp-content\/uploads\/2010\/03\/15340_205399048981_565643981_3958100_449337_n1-150x150.jpg\" alt=\"Pablo y Alexis Flores - siervos de Dios\" title=\"Pablo y Alexis\"\/><\/a><\/figure><\/div>\n\n\n\n<p>La Iglesia Hermandad empieza al principio de la d\u00e9cada de los 90. &nbsp;Pablo Flores y su esposa Alexis fueron los pioneros de la obra cuando empez\u00f3 como una Escuela Dominical en la Fellowship Baptist Church de Creedmoor.<\/p>\n\n\n\n<p>Pablo estudiaba teolog\u00eda en el Southeastern Theological Seminary y buscaba un lugar para realizar sus pr\u00e1cticas pastorales. &nbsp;La iglesia en Creedmoor les pareci\u00f3 el lugar ideal y all\u00ed empezaron. &nbsp;Pablo visitaba a las familias hispanas del \u00e1rea durante la semana, y el domingo se reun\u00edan en el local de la iglesia americana a las tres de la tarde siendo que los anglos usaban el templo en las ma\u00f1anas y noches.<\/p>\n\n\n\n<p>Conforme crec\u00eda el grupo, se adopt\u00f3 el nombre de Misi\u00f3n Bautista Hermandad.<\/p>\n\n\n\n<p>Poco a poco se hizo evidente que la iglesia necesitar\u00eda un local propio y se comenz\u00f3 a planificar y ahorrar. &nbsp;Cuando se hubo juntado suficiente para comprar un localcito propio en la ciudad de Creedmoor, el grupo se choc\u00f3 con la sorpresa que no eran bienvenidos en el vecindario en que hab\u00edan planificado comprar. &nbsp;Inicialmente tristes por el desenlace, los hermanos se maravillaron y dieron gracias a Dios por la oferta de un hermano norteamericano de donar un terreno de diez acres para construir un local propio.<\/p>\n\n\n\n<div class=\"wp-block-image\"><figure class=\"alignright\"><a href=\"http:\/\/www.iglesiahermandad.com\/wp-content\/uploads\/2010\/03\/IMG_7574-1_pp.jpg\"><img loading=\"lazy\" decoding=\"async\" width=\"300\" height=\"240\" src=\"http:\/\/www.iglesiahermandad.com\/wp-content\/uploads\/2010\/03\/IMG_7574-1_pp-300x240.jpg\" alt=\"\" class=\"wp-image-48\" srcset=\"https:\/\/www.iglesiahermandad.com\/wp-content\/uploads\/2010\/03\/IMG_7574-1_pp-300x240.jpg 300w, https:\/\/www.iglesiahermandad.com\/wp-content\/uploads\/2010\/03\/IMG_7574-1_pp-150x120.jpg 150w, https:\/\/www.iglesiahermandad.com\/wp-content\/uploads\/2010\/03\/IMG_7574-1_pp-400x320.jpg 400w, https:\/\/www.iglesiahermandad.com\/wp-content\/uploads\/2010\/03\/IMG_7574-1_pp.jpg 640w\" sizes=\"auto, (max-width: 300px) 100vw, 300px\" \/><\/a><\/figure><\/div>\n\n\n\n<p>En 1995, Felipe Polo y su esposa ministraban con los j\u00f3venes de la Iglesia Bautista Nueva Esperanza de Raleigh, pero estaban buscando nuevas posibilidades de ministerio. &nbsp;La familia Polo lleg\u00f3 de visita a la Misi\u00f3n en el a\u00f1o 1995 para un culto de bautismos, e inmediatamente sintieron el deseo de servir a Dios all\u00ed. &nbsp;Unas semanas m\u00e1s tarde ya estaban apoyando a Pablo con la m\u00fasica y la ense\u00f1anza.<\/p>\n\n\n\n<p>En 1997, al regresar Pablo a su iglesia madre en New Jersey, la iglesia nombr\u00f3 a Felipe como pastor interino, y luego permanente, ministerio que hizo por los siguientes 15 a\u00f1os.<\/p>\n\n\n\n<p>En Enero del a\u00f1o 2012, la familia Polo anunci\u00f3 que ese ser\u00eda su \u00faltimo a\u00f1o en la iglesia, puesto que la iglesia ya ten\u00eda l\u00edderes maduros capaces de tomar las riendas de la congregaci\u00f3n.<\/p>\n\n\n\n<div class=\"wp-block-image\"><figure class=\"alignleft\"><a href=\"http:\/\/www.iglesiahermandad.com\/wp-content\/uploads\/IMG_1800_lr_1x-e1367721423276.jpg\"><img loading=\"lazy\" decoding=\"async\" width=\"200\" height=\"300\" src=\"http:\/\/www.iglesiahermandad.com\/wp-content\/uploads\/IMG_1800_lr_1x-200x300.jpg\" alt=\"Familia Alfaro\" class=\"wp-image-896\"\/><\/a><\/figure><\/div>\n\n\n\n<p>En Enero del 2013 la congregaci\u00f3n eligi\u00f3 como su pastor a Armando Alfaro<\/p>\n","protected":false},"excerpt":{"rendered":"<p>La Historia de la Iglesia La Iglesia Hermandad empieza al principio de la d\u00e9cada de los 90. &nbsp;Pablo Flores y su esposa Alexis fueron los pioneros de la obra cuando empez\u00f3 como una Escuela Dominical en la Fellowship Baptist Church de Creedmoor. Pablo estudiaba teolog\u00eda en el Southeastern Theological Seminary y buscaba un lugar para&hellip; <a class=\"more-link\" href=\"https:\/\/www.iglesiahermandad.com\/index.php\/calendario\">Seguir leyendo <span class=\"screen-reader-text\">Quienes Somos?<\/span><\/a><\/p>\n","protected":false},"author":1,"featured_media":0,"parent":0,"menu_order":5,"comment_status":"open","ping_status":"open","template":"","meta":{"footnotes":""},"class_list":["post-854","page","type-page","status-publish","hentry","entry"],"_links":{"self":[{"href":"https:\/\/www.iglesiahermandad.com\/index.php\/wp-json\/wp\/v2\/pages\/854","targetHints":{"allow":["GET"]}}],"collection":[{"href":"https:\/\/www.iglesiahermandad.com\/index.php\/wp-json\/wp\/v2\/pages"}],"about":[{"href":"https:\/\/www.iglesiahermandad.com\/index.php\/wp-json\/wp\/v2\/types\/page"}],"author":[{"embeddable":true,"href":"https:\/\/www.iglesiahermandad.com\/index.php\/wp-json\/wp\/v2\/users\/1"}],"replies":[{"embeddable":true,"href":"https:\/\/www.iglesiahermandad.com\/index.php\/wp-json\/wp\/v2\/comments?post=854"}],"version-history":[{"count":4,"href":"https:\/\/www.iglesiahermandad.com\/index.php\/wp-json\/wp\/v2\/pages\/854\/revisions"}],"predecessor-version":[{"id":989,"href":"https:\/\/www.iglesiahermandad.com\/index.php\/wp-json\/wp\/v2\/pages\/854\/revisions\/989"}],"wp:attachment":[{"href":"https:\/\/www.iglesiahermandad.com\/index.php\/wp-json\/wp\/v2\/media?parent=854"}],"curies":[{"name":"wp","href":"https:\/\/api.w.org\/{rel}","templated":true}]}}